{"id":4400,"date":"2021-10-12T15:51:09","date_gmt":"2021-10-12T15:51:09","guid":{"rendered":"http:\/\/dummy.xtemos.com\/woodmart2\/elementor\/?page_id=4400"},"modified":"2023-10-31T12:32:58","modified_gmt":"2023-10-31T12:32:58","slug":"hakkimizda","status":"publish","type":"page","link":"http:\/\/referanskozmetik.com\/index.php\/hakkimizda\/","title":{"rendered":"Hakk\u0131m\u0131zda"},"content":{"rendered":"\t\t<div data-elementor-type=\"wp-page\" data-elementor-id=\"4400\" class=\"elementor elementor-4400\">\n\t\t\t\t\t\t\t\t\t<section class=\"wd-negative-gap elementor-section elementor-top-section elementor-element elementor-element-3c548bca elementor-reverse-tablet elementor-reverse-mobile elementor-section-boxed elementor-section-height-default elementor-section-height-default wd-section-disabled\" data-id=\"3c548bca\" data-element_type=\"section\">\n\t\t\t\t\t\t<div class=\"elementor-container elementor-column-gap-default\">\n\t\t\t\t\t<div class=\"elementor-column elementor-col-50 elementor-top-column elementor-element elementor-element-1d354ed7\" data-id=\"1d354ed7\" data-element_type=\"column\">\n\t\t\t<div class=\"elementor-widget-wrap elementor-element-populated\">\n\t\t\t\t\t\t\t\t<div class=\"elementor-element elementor-element-3b8f1c6 elementor-widget elementor-widget-wd_image_or_svg\" data-id=\"3b8f1c6\" data-element_type=\"widget\" data-widget_type=\"wd_image_or_svg.default\">\n\t\t\t\t<div class=\"elementor-widget-container\">\n\t\t\t\n\t\t<div class=\"wd-image text-left\">\n\t\t\t\t\t\t\t\t<img loading=\"lazy\" decoding=\"async\" width=\"580\" height=\"580\" src=\"http:\/\/referanskozmetik.com\/wp-content\/uploads\/2021\/10\/about-us-3-image-1.jpg\" class=\"attachment-full size-full wp-image-4408\" alt=\"\" srcset=\"http:\/\/referanskozmetik.com\/wp-content\/uploads\/2021\/10\/about-us-3-image-1.jpg 580w, http:\/\/referanskozmetik.com\/wp-content\/uploads\/2021\/10\/about-us-3-image-1-430x430.jpg 430w, http:\/\/referanskozmetik.com\/wp-content\/uploads\/2021\/10\/about-us-3-image-1-150x150.jpg 150w\" sizes=\"auto, (max-width: 580px) 100vw, 580px\" \/>\t\t\t\t\t<\/div>\n\n\t\t\t\t<\/div>\n\t\t\t\t<\/div>\n\t\t\t\t\t<\/div>\n\t\t<\/div>\n\t\t\t\t<div class=\"elementor-column elementor-col-50 elementor-top-column elementor-element elementor-element-7a9daa7\" data-id=\"7a9daa7\" data-element_type=\"column\">\n\t\t\t<div class=\"elementor-widget-wrap elementor-element-populated\">\n\t\t\t\t\t\t\t\t<div class=\"elementor-element elementor-element-18566191 elementor-widget elementor-widget-wd_title\" data-id=\"18566191\" data-element_type=\"widget\" data-widget_type=\"wd_title.default\">\n\t\t\t\t<div class=\"elementor-widget-container\">\n\t\t\t\t\t<div class=\"title-wrapper set-mb-s reset-last-child wd-title-color-primary wd-title-style-default wd-title-size-large text-left\">\n\n\t\t\t\t\t\t\t<div class=\"title-subtitle subtitle-color-primary subtitle-style-default wd-fontsize-xs\">\n\t\t\t\t\tKuaf\u00f6r Malzemelerinde G\u00fcvenilir \u0130sim\t\t\t\t<\/div>\n\t\t\t\n\t\t\t<div class=\"liner-continer\">\n\t\t\t\t<h4 class=\"woodmart-title-container title wd-fontsize-xxl\">Referans Kozmetik<\/h4> \n\t\t\t\t\t\t\t<\/div>\n\n\t\t\t\t\t\t\t<div class=\"title-after_title set-cont-mb-s reset-last-child wd-fontsize-s\">\n\t\t\t\t\t<p>Referans Kozmetik, kuaf\u00f6rlerin ve g\u00fczellik uzmanlar\u0131n\u0131n ihtiya\u00e7lar\u0131na y\u00f6nelik geni\u015f \u00fcr\u00fcn yelpazesiyle sekt\u00f6rde \u00f6nde gelen bir tedarik\u00e7i olarak bilinir. Firmam\u0131z, kuaf\u00f6rlerin ve g\u00fczellik profesyonellerinin i\u015flerini kolayla\u015ft\u0131rmak, yarat\u0131c\u0131l\u0131klar\u0131n\u0131 desteklemek ve en y\u00fcksek kalitede \u00fcr\u00fcnleri sunarak sekt\u00f6rde g\u00fcvenilir bir isim olmay\u0131 ama\u00e7lar.<\/p>\t\t\t\t<\/div>\n\t\t\t\t\t<\/div>\n\t\t\t\t<\/div>\n\t\t\t\t<\/div>\n\t\t\t\t<div class=\"elementor-element elementor-element-cf34ae6 elementor-widget elementor-widget-wd_text_block\" data-id=\"cf34ae6\" data-element_type=\"widget\" data-widget_type=\"wd_text_block.default\">\n\t\t\t\t<div class=\"elementor-widget-container\">\n\t\t\t\t\t<div class=\"wd-text-block reset-last-child text-left\">\n\t\t\t\n\t\t\t<p><strong>Vizyonumuz<\/strong><\/p><p>Kuaf\u00f6rlerin ve g\u00fczellik uzmanlar\u0131n\u0131n ihtiya\u00e7 duydu\u011fu her t\u00fcrl\u00fc malzemeyi, yenilik\u00e7i ve kaliteli bir yakla\u015f\u0131mla sunarak sekt\u00f6rde \u00f6nc\u00fc olmay\u0131 hedefliyoruz. M\u00fc\u015fterilerimizin i\u015flerini b\u00fcy\u00fctmelerine ve geli\u015ftirmelerine yard\u0131mc\u0131 olmak i\u00e7in geni\u015f bir \u00fcr\u00fcn yelpazesi sunuyoruz.<\/p><p><strong>Misyonumuz<\/strong><\/p><p>Referans Kozmetik olarak, kuaf\u00f6rlerin ve g\u00fczellik uzmanlar\u0131n\u0131n ihtiya\u00e7lar\u0131na odaklanarak, en iyi kalitede \u00fcr\u00fcnleri sunmak ve onlara m\u00fckemmel hizmet sa\u011flamak amac\u0131yla \u00e7al\u0131\u015f\u0131yoruz. M\u00fc\u015fteri memnuniyetini ve kaliteyi esas alarak sekt\u00f6rde \u00f6nc\u00fc bir rol oynamay\u0131 hedefliyoruz.<\/p><p>M\u00fc\u015fterilerimize, en yeni trendleri takip eden, kaliteli ve \u00e7e\u015fitli kuaf\u00f6r malzemeleri sunuyoruz. \u00dcr\u00fcnlerimizde kalite, \u00e7e\u015fitlilik ve dayan\u0131kl\u0131l\u0131k \u00f6ncelikli de\u011ferlerimiz aras\u0131ndad\u0131r. Ayn\u0131 zamanda \u00e7evreye duyarl\u0131 ve s\u00fcrd\u00fcr\u00fclebilir \u00fcr\u00fcnlerin de takip\u00e7isiyiz.<\/p>\n\t\t\t\t\t<\/div>\n\t\t\t\t<\/div>\n\t\t\t\t<\/div>\n\t\t\t\t\t<\/div>\n\t\t<\/div>\n\t\t\t\t\t\t\t<\/div>\n\t\t<\/section>\n\t\t\t\t\t\t\t<\/div>\n\t\t","protected":false},"excerpt":{"rendered":"<p>Kuaf\u00f6r Malzemelerinde G\u00fcvenilir \u0130sim Referans Kozmetik Referans Kozmetik, kuaf\u00f6rlerin ve g\u00fczellik uzmanlar\u0131n\u0131n ihtiya\u00e7lar\u0131na y\u00f6nelik geni\u015f \u00fcr\u00fcn yelpazesiyle sekt\u00f6rde \u00f6nde gelen<\/p>\n","protected":false},"author":1,"featured_media":0,"parent":0,"menu_order":0,"comment_status":"closed","ping_status":"closed","template":"","meta":{"footnotes":""},"class_list":["post-4400","page","type-page","status-publish","hentry"],"_links":{"self":[{"href":"http:\/\/referanskozmetik.com\/index.php\/wp-json\/wp\/v2\/pages\/4400","targetHints":{"allow":["GET"]}}],"collection":[{"href":"http:\/\/referanskozmetik.com\/index.php\/wp-json\/wp\/v2\/pages"}],"about":[{"href":"http:\/\/referanskozmetik.com\/index.php\/wp-json\/wp\/v2\/types\/page"}],"author":[{"embeddable":true,"href":"http:\/\/referanskozmetik.com\/index.php\/wp-json\/wp\/v2\/users\/1"}],"replies":[{"embeddable":true,"href":"http:\/\/referanskozmetik.com\/index.php\/wp-json\/wp\/v2\/comments?post=4400"}],"version-history":[{"count":7,"href":"http:\/\/referanskozmetik.com\/index.php\/wp-json\/wp\/v2\/pages\/4400\/revisions"}],"predecessor-version":[{"id":8973,"href":"http:\/\/referanskozmetik.com\/index.php\/wp-json\/wp\/v2\/pages\/4400\/revisions\/8973"}],"wp:attachment":[{"href":"http:\/\/referanskozmetik.com\/index.php\/wp-json\/wp\/v2\/media?parent=4400"}],"curies":[{"name":"wp","href":"https:\/\/api.w.org\/{rel}","templated":true}]}}