{"id":8746,"date":"2022-10-29T18:45:18","date_gmt":"2022-10-29T18:45:18","guid":{"rendered":"http:\/\/referanskozmetik.com\/?post_type=product&#038;p=8746"},"modified":"2022-10-29T18:55:36","modified_gmt":"2022-10-29T18:55:36","slug":"referans-kozmetik-ahsap-spatula","status":"publish","type":"product","link":"http:\/\/referanskozmetik.com\/index.php\/urun\/referans-kozmetik-ahsap-spatula\/","title":{"rendered":"Referans kozmetik Ah\u015fap Spatula 100 Adet"},"content":{"rendered":"","protected":false},"excerpt":{"rendered":"<p>Referans kozmetik\u00a0Ah\u015fap Spatula 100 Adet<\/p>\n<p>Kutu \u0130\u00e7inde Spatula 100 Adet Bulunmaktad\u0131r.<\/p>\n<p>Kulan\u0131m: Ev, Kuaf\u00f6r Berber ve g\u00fczellik salonlar\u0131d\u0131r.<\/p>\n<p>Hijyenik Kullan At \u00dcr\u00fcnd\u00fcr.<\/p>\n","protected":false},"featured_media":8748,"comment_status":"open","ping_status":"closed","template":"","meta":[],"product_cat":[77,78],"product_tag":[],"class_list":["post-8746","product","type-product","status-publish","has-post-thumbnail","hentry","product_cat-agda-seti","product_cat-ahsap-spatula"],"_links":{"self":[{"href":"http:\/\/referanskozmetik.com\/index.php\/wp-json\/wp\/v2\/product\/8746","targetHints":{"allow":["GET"]}}],"collection":[{"href":"http:\/\/referanskozmetik.com\/index.php\/wp-json\/wp\/v2\/product"}],"about":[{"href":"http:\/\/referanskozmetik.com\/index.php\/wp-json\/wp\/v2\/types\/product"}],"replies":[{"embeddable":true,"href":"http:\/\/referanskozmetik.com\/index.php\/wp-json\/wp\/v2\/comments?post=8746"}],"version-history":[{"count":3,"href":"http:\/\/referanskozmetik.com\/index.php\/wp-json\/wp\/v2\/product\/8746\/revisions"}],"predecessor-version":[{"id":8754,"href":"http:\/\/referanskozmetik.com\/index.php\/wp-json\/wp\/v2\/product\/8746\/revisions\/8754"}],"wp:featuredmedia":[{"embeddable":true,"href":"http:\/\/referanskozmetik.com\/index.php\/wp-json\/wp\/v2\/media\/8748"}],"wp:attachment":[{"href":"http:\/\/referanskozmetik.com\/index.php\/wp-json\/wp\/v2\/media?parent=8746"}],"wp:term":[{"taxonomy":"product_cat","embeddable":true,"href":"http:\/\/referanskozmetik.com\/index.php\/wp-json\/wp\/v2\/product_cat?post=8746"},{"taxonomy":"product_tag","embeddable":true,"href":"http:\/\/referanskozmetik.com\/index.php\/wp-json\/wp\/v2\/product_tag?post=8746"}],"curies":[{"name":"wp","href":"https:\/\/api.w.org\/{rel}","templated":true}]}}