{"id":8755,"date":"2022-10-29T19:02:01","date_gmt":"2022-10-29T19:02:01","guid":{"rendered":"http:\/\/referanskozmetik.com\/?post_type=product&#038;p=8755"},"modified":"2024-06-05T15:26:04","modified_gmt":"2024-06-05T15:26:04","slug":"dus-bonesi","status":"publish","type":"product","link":"http:\/\/referanskozmetik.com\/index.php\/urun\/dus-bonesi\/","title":{"rendered":"Referans kozmetik Du\u015f Bonesi 100 Adet 50&#215;41 Cm"},"content":{"rendered":"","protected":false},"excerpt":{"rendered":"<ul class=\"detail-desc-list two-columns\">\n<li>Du\u015f Bonesi 100 Adet 50&#215;41 cm<\/li>\n<li>Po\u015fet \u0130\u00e7inde 100 Adet Du\u015f Bonesi Bulunmaktad\u0131r.<\/li>\n<li>Su Ge\u00e7irmez Hijyenik ve Lastikli yap\u0131s\u0131yla ebat olarak kullan\u0131m kolayl\u0131\u011f\u0131 sa\u011flar.<\/li>\n<li>Kulan\u0131m: Ev, Kuaf\u00f6r ve g\u00fczellik salonlar\u0131d\u0131r.<\/li>\n<li>Profesyonel Kullan\u0131ma Uygun Tek Kullan\u0131ml\u0131k Oldu\u011funu Unutmay\u0131n\u0131z.<\/li>\n<li>El De\u011fmeden Otomatik Makinelerde \u00dcretilmi\u015ftir.<\/li>\n<li><\/li>\n<li><\/li>\n<\/ul>\n","protected":false},"featured_media":8757,"comment_status":"open","ping_status":"closed","template":"","meta":[],"product_cat":[79],"product_tag":[],"class_list":["post-8755","product","type-product","status-publish","has-post-thumbnail","hentry","product_cat-dus-bonesi"],"_links":{"self":[{"href":"http:\/\/referanskozmetik.com\/index.php\/wp-json\/wp\/v2\/product\/8755","targetHints":{"allow":["GET"]}}],"collection":[{"href":"http:\/\/referanskozmetik.com\/index.php\/wp-json\/wp\/v2\/product"}],"about":[{"href":"http:\/\/referanskozmetik.com\/index.php\/wp-json\/wp\/v2\/types\/product"}],"replies":[{"embeddable":true,"href":"http:\/\/referanskozmetik.com\/index.php\/wp-json\/wp\/v2\/comments?post=8755"}],"version-history":[{"count":2,"href":"http:\/\/referanskozmetik.com\/index.php\/wp-json\/wp\/v2\/product\/8755\/revisions"}],"predecessor-version":[{"id":8774,"href":"http:\/\/referanskozmetik.com\/index.php\/wp-json\/wp\/v2\/product\/8755\/revisions\/8774"}],"wp:featuredmedia":[{"embeddable":true,"href":"http:\/\/referanskozmetik.com\/index.php\/wp-json\/wp\/v2\/media\/8757"}],"wp:attachment":[{"href":"http:\/\/referanskozmetik.com\/index.php\/wp-json\/wp\/v2\/media?parent=8755"}],"wp:term":[{"taxonomy":"product_cat","embeddable":true,"href":"http:\/\/referanskozmetik.com\/index.php\/wp-json\/wp\/v2\/product_cat?post=8755"},{"taxonomy":"product_tag","embeddable":true,"href":"http:\/\/referanskozmetik.com\/index.php\/wp-json\/wp\/v2\/product_tag?post=8755"}],"curies":[{"name":"wp","href":"https:\/\/api.w.org\/{rel}","templated":true}]}}