{"id":8760,"date":"2022-10-29T19:17:28","date_gmt":"2022-10-29T19:17:28","guid":{"rendered":"http:\/\/referanskozmetik.com\/?post_type=product&#038;p=8760"},"modified":"2022-10-29T19:17:29","modified_gmt":"2022-10-29T19:17:29","slug":"aluminyum-kuafor-folyosu","status":"publish","type":"product","link":"http:\/\/referanskozmetik.com\/index.php\/urun\/aluminyum-kuafor-folyosu\/","title":{"rendered":"Referans kozmetik Al\u00fcminyum Kuaf\u00f6r Folyosu 670gr 19 Micron"},"content":{"rendered":"","protected":false},"excerpt":{"rendered":"<ul class=\"detail-desc-list\">\n<li>Al\u00fcminyum Kuaf\u00f6r Folyosu 670gr 19 micron<\/li>\n<li>Po\u015fet \u0130\u00e7inde (670gr) Folyo Bulunmaktad\u0131r.<\/li>\n<li>Kulan\u0131m: Ev Sa\u00e7 boyama, Kuaf\u00f6r Sa\u00e7 boyama, Berber Sa\u00e7 boyama, ve g\u00fczellik salonlar\u0131d\u0131r.<\/li>\n<\/ul>\n","protected":false},"featured_media":8761,"comment_status":"open","ping_status":"closed","template":"","meta":[],"product_cat":[80],"product_tag":[],"class_list":["post-8760","product","type-product","status-publish","has-post-thumbnail","hentry","product_cat-aluminyum-kuafor-folyosu"],"_links":{"self":[{"href":"http:\/\/referanskozmetik.com\/index.php\/wp-json\/wp\/v2\/product\/8760","targetHints":{"allow":["GET"]}}],"collection":[{"href":"http:\/\/referanskozmetik.com\/index.php\/wp-json\/wp\/v2\/product"}],"about":[{"href":"http:\/\/referanskozmetik.com\/index.php\/wp-json\/wp\/v2\/types\/product"}],"replies":[{"embeddable":true,"href":"http:\/\/referanskozmetik.com\/index.php\/wp-json\/wp\/v2\/comments?post=8760"}],"version-history":[{"count":1,"href":"http:\/\/referanskozmetik.com\/index.php\/wp-json\/wp\/v2\/product\/8760\/revisions"}],"predecessor-version":[{"id":8763,"href":"http:\/\/referanskozmetik.com\/index.php\/wp-json\/wp\/v2\/product\/8760\/revisions\/8763"}],"wp:featuredmedia":[{"embeddable":true,"href":"http:\/\/referanskozmetik.com\/index.php\/wp-json\/wp\/v2\/media\/8761"}],"wp:attachment":[{"href":"http:\/\/referanskozmetik.com\/index.php\/wp-json\/wp\/v2\/media?parent=8760"}],"wp:term":[{"taxonomy":"product_cat","embeddable":true,"href":"http:\/\/referanskozmetik.com\/index.php\/wp-json\/wp\/v2\/product_cat?post=8760"},{"taxonomy":"product_tag","embeddable":true,"href":"http:\/\/referanskozmetik.com\/index.php\/wp-json\/wp\/v2\/product_tag?post=8760"}],"curies":[{"name":"wp","href":"https:\/\/api.w.org\/{rel}","templated":true}]}}