{"id":8766,"date":"2022-10-29T19:24:21","date_gmt":"2022-10-29T19:24:21","guid":{"rendered":"http:\/\/referanskozmetik.com\/?post_type=product&#038;p=8766"},"modified":"2022-10-29T19:27:15","modified_gmt":"2022-10-29T19:27:15","slug":"pm-disk-makyaj-temizleme-pamugu","status":"publish","type":"product","link":"http:\/\/referanskozmetik.com\/index.php\/urun\/pm-disk-makyaj-temizleme-pamugu\/","title":{"rendered":"PM Disk Makyaj Temizleme Pamu\u011fu 70 li 1 Adet"},"content":{"rendered":"","protected":false},"excerpt":{"rendered":"<ul class=\"detail-desc-list\">\n<li>Disk makyaj temizleme pamu\u011fu, %100 pamuktan \u00fcretilmi\u015ftir,70\u2019li 1 adet<\/li>\n<li>\u00d6zeli\u011fi: Kozmetik kullan\u0131m i\u00e7in haz\u0131rlanan makyaj temizleme diskleri, yumu\u015fak nazik ve emicidir. T\u00fcm makyaj izlerini silmek ve ayn\u0131 zamanda t\u0131rnak ojelerini \u00e7\u0131karmak ve cilt temizli\u011finden sonra tonik uygulamas\u0131nda da kullan\u0131l\u0131r, g\u00fcnl\u00fck y\u00fcz ve g\u00fczellik i\u00e7in kullan\u0131ma haz\u0131r olup, saf pamuktan \u00fcretilmi\u015ftir.<\/li>\n<li>Kulan\u0131m: Ev han\u0131mlar\u0131, kuaf\u00f6r berber ve g\u00fczellik salonlar\u0131d\u0131r.<\/li>\n<\/ul>\n","protected":false},"featured_media":8768,"comment_status":"open","ping_status":"closed","template":"","meta":[],"product_cat":[82,81],"product_tag":[],"class_list":["post-8766","product","type-product","status-publish","has-post-thumbnail","hentry","product_cat-disk-pamuk","product_cat-pamuk"],"_links":{"self":[{"href":"http:\/\/referanskozmetik.com\/index.php\/wp-json\/wp\/v2\/product\/8766","targetHints":{"allow":["GET"]}}],"collection":[{"href":"http:\/\/referanskozmetik.com\/index.php\/wp-json\/wp\/v2\/product"}],"about":[{"href":"http:\/\/referanskozmetik.com\/index.php\/wp-json\/wp\/v2\/types\/product"}],"replies":[{"embeddable":true,"href":"http:\/\/referanskozmetik.com\/index.php\/wp-json\/wp\/v2\/comments?post=8766"}],"version-history":[{"count":2,"href":"http:\/\/referanskozmetik.com\/index.php\/wp-json\/wp\/v2\/product\/8766\/revisions"}],"predecessor-version":[{"id":8770,"href":"http:\/\/referanskozmetik.com\/index.php\/wp-json\/wp\/v2\/product\/8766\/revisions\/8770"}],"wp:featuredmedia":[{"embeddable":true,"href":"http:\/\/referanskozmetik.com\/index.php\/wp-json\/wp\/v2\/media\/8768"}],"wp:attachment":[{"href":"http:\/\/referanskozmetik.com\/index.php\/wp-json\/wp\/v2\/media?parent=8766"}],"wp:term":[{"taxonomy":"product_cat","embeddable":true,"href":"http:\/\/referanskozmetik.com\/index.php\/wp-json\/wp\/v2\/product_cat?post=8766"},{"taxonomy":"product_tag","embeddable":true,"href":"http:\/\/referanskozmetik.com\/index.php\/wp-json\/wp\/v2\/product_tag?post=8766"}],"curies":[{"name":"wp","href":"https:\/\/api.w.org\/{rel}","templated":true}]}}