{"id":8773,"date":"2022-11-01T11:46:47","date_gmt":"2022-11-01T11:46:47","guid":{"rendered":"http:\/\/referanskozmetik.com\/?post_type=product&#038;p=8773"},"modified":"2026-04-24T11:53:33","modified_gmt":"2026-04-24T11:53:33","slug":"referans-kozmetik-lastikli-sedye-ortusu-80x220-cm","status":"publish","type":"product","link":"http:\/\/referanskozmetik.com\/index.php\/urun\/referans-kozmetik-lastikli-sedye-ortusu-80x220-cm\/","title":{"rendered":"Referans kozmetik Lastikli Sedye \u00d6rt\u00fcs\u00fc 80&#215;220 Cm"},"content":{"rendered":"","protected":false},"excerpt":{"rendered":"<ul class=\"detail-desc-list two-columns\">\n<li>Lastikli Sedye \u00d6rt\u00fcs\u00fc 10 Adet 80&#215;220 cm<\/li>\n<li>Po\u015fet \u0130\u00e7inde Lastikli Sedye \u00d6rt\u00fcs\u00fc Bulunmaktad\u0131r.<\/li>\n<li>\u0130ki Taraf\u0131 Lastiklidir, Hijyenik ve Lastikli yap\u0131s\u0131yla ebat olarak kullan\u0131m kolayl\u0131\u011f\u0131 sa\u011flar.<\/li>\n<li>Kulan\u0131m: Kuaf\u00f6r, G\u00fczellik Ve Epilasyon Merkezi, A\u011fda Salonu ve Klinik Gibi Klasik Sedye Bulunan \u0130\u015fletme Sedyelerine Uygundur.<\/li>\n<li>El De\u011fmeden Otomatik Makinelerde \u00dcretilmi\u015ftir.<\/li>\n<li><\/li>\n<\/ul>\n","protected":false},"featured_media":8776,"comment_status":"open","ping_status":"closed","template":"","meta":[],"product_cat":[83],"product_tag":[],"class_list":["post-8773","product","type-product","status-publish","has-post-thumbnail","hentry","product_cat-lastikli-sedye-ortusu"],"_links":{"self":[{"href":"http:\/\/referanskozmetik.com\/index.php\/wp-json\/wp\/v2\/product\/8773","targetHints":{"allow":["GET"]}}],"collection":[{"href":"http:\/\/referanskozmetik.com\/index.php\/wp-json\/wp\/v2\/product"}],"about":[{"href":"http:\/\/referanskozmetik.com\/index.php\/wp-json\/wp\/v2\/types\/product"}],"replies":[{"embeddable":true,"href":"http:\/\/referanskozmetik.com\/index.php\/wp-json\/wp\/v2\/comments?post=8773"}],"version-history":[{"count":1,"href":"http:\/\/referanskozmetik.com\/index.php\/wp-json\/wp\/v2\/product\/8773\/revisions"}],"predecessor-version":[{"id":8778,"href":"http:\/\/referanskozmetik.com\/index.php\/wp-json\/wp\/v2\/product\/8773\/revisions\/8778"}],"wp:featuredmedia":[{"embeddable":true,"href":"http:\/\/referanskozmetik.com\/index.php\/wp-json\/wp\/v2\/media\/8776"}],"wp:attachment":[{"href":"http:\/\/referanskozmetik.com\/index.php\/wp-json\/wp\/v2\/media?parent=8773"}],"wp:term":[{"taxonomy":"product_cat","embeddable":true,"href":"http:\/\/referanskozmetik.com\/index.php\/wp-json\/wp\/v2\/product_cat?post=8773"},{"taxonomy":"product_tag","embeddable":true,"href":"http:\/\/referanskozmetik.com\/index.php\/wp-json\/wp\/v2\/product_tag?post=8773"}],"curies":[{"name":"wp","href":"https:\/\/api.w.org\/{rel}","templated":true}]}}