{"id":8780,"date":"2022-11-01T12:15:16","date_gmt":"2022-11-01T12:15:16","guid":{"rendered":"http:\/\/referanskozmetik.com\/?post_type=product&#038;p=8780"},"modified":"2022-11-01T12:15:39","modified_gmt":"2022-11-01T12:15:39","slug":"referans-kozmetik-sedye-ortusu-rulo","status":"publish","type":"product","link":"http:\/\/referanskozmetik.com\/index.php\/urun\/referans-kozmetik-sedye-ortusu-rulo\/","title":{"rendered":"Referans kozmetik Sedye \u00d6rt\u00fcs\u00fc Beyaz (RULO \u00d6RME BEZ) 80 Mt X 60 Cm"},"content":{"rendered":"","protected":false},"excerpt":{"rendered":"<ul>\n<li>Sedye \u00d6rt\u00fcs\u00fc Beyaz (Rulo \u00d6rme Bez) Uz 80 Mt x En 60 cm<\/li>\n<\/ul>\n<ul class=\"detail-desc-list two-columns\">\n<li>Po\u015fet \u0130\u00e7inde 1 Adet 80 Mt Sedye \u00d6rt\u00fcs\u00fc (Rulo K\u00e2\u011f\u0131t) Bulunmaktad\u0131r.<\/li>\n<li>Sedye \u00d6rt\u00fcs\u00fc Sel\u00fcloz K\u00e2\u011f\u0131ttan \u0130mal Edilir.<\/li>\n<li>S\u0131v\u0131y\u0131 Tutan Alt Y\u00fczeyi Sayesinde S\u0131v\u0131y\u0131 Alt\u0131na Ge\u00e7irmez B\u00fcnyesinde Tutar, Kullan\u0131lan Alan\u0131n Hijyeni Sa\u011flanm\u0131\u015f Olur ve kolayl\u0131\u011f\u0131 sa\u011flar.<\/li>\n<li>Kulan\u0131m: Ev, Hastane, Kuaf\u00f6r ve g\u00fczellik salonlar\u0131d\u0131r.<\/li>\n<li>Tek Kullan\u0131ml\u0131k Oldu\u011funu Unutmay\u0131n\u0131z.<\/li>\n<\/ul>\n","protected":false},"featured_media":8781,"comment_status":"open","ping_status":"closed","template":"","meta":[],"product_cat":[83],"product_tag":[],"class_list":["post-8780","product","type-product","status-publish","has-post-thumbnail","hentry","product_cat-lastikli-sedye-ortusu"],"_links":{"self":[{"href":"http:\/\/referanskozmetik.com\/index.php\/wp-json\/wp\/v2\/product\/8780","targetHints":{"allow":["GET"]}}],"collection":[{"href":"http:\/\/referanskozmetik.com\/index.php\/wp-json\/wp\/v2\/product"}],"about":[{"href":"http:\/\/referanskozmetik.com\/index.php\/wp-json\/wp\/v2\/types\/product"}],"replies":[{"embeddable":true,"href":"http:\/\/referanskozmetik.com\/index.php\/wp-json\/wp\/v2\/comments?post=8780"}],"version-history":[{"count":1,"href":"http:\/\/referanskozmetik.com\/index.php\/wp-json\/wp\/v2\/product\/8780\/revisions"}],"predecessor-version":[{"id":8783,"href":"http:\/\/referanskozmetik.com\/index.php\/wp-json\/wp\/v2\/product\/8780\/revisions\/8783"}],"wp:featuredmedia":[{"embeddable":true,"href":"http:\/\/referanskozmetik.com\/index.php\/wp-json\/wp\/v2\/media\/8781"}],"wp:attachment":[{"href":"http:\/\/referanskozmetik.com\/index.php\/wp-json\/wp\/v2\/media?parent=8780"}],"wp:term":[{"taxonomy":"product_cat","embeddable":true,"href":"http:\/\/referanskozmetik.com\/index.php\/wp-json\/wp\/v2\/product_cat?post=8780"},{"taxonomy":"product_tag","embeddable":true,"href":"http:\/\/referanskozmetik.com\/index.php\/wp-json\/wp\/v2\/product_tag?post=8780"}],"curies":[{"name":"wp","href":"https:\/\/api.w.org\/{rel}","templated":true}]}}