{"id":8784,"date":"2022-11-01T12:23:20","date_gmt":"2022-11-01T12:23:20","guid":{"rendered":"http:\/\/referanskozmetik.com\/?post_type=product&#038;p=8784"},"modified":"2022-11-01T12:23:20","modified_gmt":"2022-11-01T12:23:20","slug":"referans-kozmetik-sac-havlusu-100-adet-80x110-cm","status":"publish","type":"product","link":"http:\/\/referanskozmetik.com\/index.php\/urun\/referans-kozmetik-sac-havlusu-100-adet-80x110-cm\/","title":{"rendered":"Referans kozmetik Sa\u00e7 Havlusu 100 Adet 80&#215;110 Cm"},"content":{"rendered":"","protected":false},"excerpt":{"rendered":"<ul class=\"detail-desc-list two-columns\">\n<li>Sa\u00e7 Havlusu 100 Adet 80&#215;110 cm<\/li>\n<li>Po\u015fet \u0130\u00e7inde 100 Adet Sa\u00e7 Havlusu Bulunmaktad\u0131r.<\/li>\n<li>Hijyenik Kullan At \u00dcr\u00fcnd\u00fcr.<\/li>\n<li>Kulan\u0131m: Ev, Kuaf\u00f6r ve g\u00fczellik salonlar\u0131d\u0131r.<\/li>\n<li>Cinsiyet: Erkek ve Kad\u0131n Unisex<\/li>\n<li>Profesyonel Kullan\u0131ma Uygun Tek Kullan\u0131ml\u0131k Oldu\u011funu Unutmay\u0131n\u0131z.<\/li>\n<li>El De\u011fmeden Otomatik Makinelerde \u00dcretilmi\u015ftir.<\/li>\n<\/ul>\n","protected":false},"featured_media":8785,"comment_status":"open","ping_status":"closed","template":"","meta":[],"product_cat":[84],"product_tag":[],"class_list":["post-8784","product","type-product","status-publish","has-post-thumbnail","hentry","product_cat-sac-havlusu"],"_links":{"self":[{"href":"http:\/\/referanskozmetik.com\/index.php\/wp-json\/wp\/v2\/product\/8784","targetHints":{"allow":["GET"]}}],"collection":[{"href":"http:\/\/referanskozmetik.com\/index.php\/wp-json\/wp\/v2\/product"}],"about":[{"href":"http:\/\/referanskozmetik.com\/index.php\/wp-json\/wp\/v2\/types\/product"}],"replies":[{"embeddable":true,"href":"http:\/\/referanskozmetik.com\/index.php\/wp-json\/wp\/v2\/comments?post=8784"}],"version-history":[{"count":1,"href":"http:\/\/referanskozmetik.com\/index.php\/wp-json\/wp\/v2\/product\/8784\/revisions"}],"predecessor-version":[{"id":8787,"href":"http:\/\/referanskozmetik.com\/index.php\/wp-json\/wp\/v2\/product\/8784\/revisions\/8787"}],"wp:featuredmedia":[{"embeddable":true,"href":"http:\/\/referanskozmetik.com\/index.php\/wp-json\/wp\/v2\/media\/8785"}],"wp:attachment":[{"href":"http:\/\/referanskozmetik.com\/index.php\/wp-json\/wp\/v2\/media?parent=8784"}],"wp:term":[{"taxonomy":"product_cat","embeddable":true,"href":"http:\/\/referanskozmetik.com\/index.php\/wp-json\/wp\/v2\/product_cat?post=8784"},{"taxonomy":"product_tag","embeddable":true,"href":"http:\/\/referanskozmetik.com\/index.php\/wp-json\/wp\/v2\/product_tag?post=8784"}],"curies":[{"name":"wp","href":"https:\/\/api.w.org\/{rel}","templated":true}]}}