{"id":8810,"date":"2022-11-01T13:24:42","date_gmt":"2022-11-01T13:24:42","guid":{"rendered":"http:\/\/referanskozmetik.com\/?post_type=product&#038;p=8810"},"modified":"2022-11-01T13:27:24","modified_gmt":"2022-11-01T13:27:24","slug":"referans-kozmetik-pedikur-galosu","status":"publish","type":"product","link":"http:\/\/referanskozmetik.com\/index.php\/urun\/referans-kozmetik-pedikur-galosu\/","title":{"rendered":"Referans kozmetik Pedik\u00fcr Galo\u015fu 50 Adet 80&#215;82 Cm"},"content":{"rendered":"","protected":false},"excerpt":{"rendered":"<p>&nbsp;<\/p>\n<ul class=\"detail-desc-list two-columns\">\n<li>Pedik\u00fcr Galo\u015fu 50 Adet 80&#215;82 cm<\/li>\n<li>Po\u015fet \u0130\u00e7inde 50 Adet Lastikli Pedik\u00fcr Galo\u015fu Bulunmaktad\u0131r.<\/li>\n<li>Hijyenik ve Lastikli yap\u0131s\u0131yla ebat olarak kullan\u0131m kolayl\u0131\u011f\u0131 sa\u011flar.<\/li>\n<li>Kulan\u0131m: Ev, Kuaf\u00f6r ve g\u00fczellik salonlar\u0131d\u0131r.<\/li>\n<li>Cinsiyet: Erkek ve Kad\u0131n Unisex<\/li>\n<li>Profesyonel Kullan\u0131ma Uygun Tek Kullan\u0131ml\u0131k Oldu\u011funu Unutmay\u0131n\u0131z.<\/li>\n<li>El De\u011fmeden Otomatik Makinelerde \u00dcretilmi\u015ftir.<\/li>\n<\/ul>\n","protected":false},"featured_media":8811,"comment_status":"open","ping_status":"closed","template":"","meta":[],"product_cat":[88],"product_tag":[],"class_list":["post-8810","product","type-product","status-publish","has-post-thumbnail","hentry","product_cat-manikur-pedikur-galosu"],"_links":{"self":[{"href":"http:\/\/referanskozmetik.com\/index.php\/wp-json\/wp\/v2\/product\/8810","targetHints":{"allow":["GET"]}}],"collection":[{"href":"http:\/\/referanskozmetik.com\/index.php\/wp-json\/wp\/v2\/product"}],"about":[{"href":"http:\/\/referanskozmetik.com\/index.php\/wp-json\/wp\/v2\/types\/product"}],"replies":[{"embeddable":true,"href":"http:\/\/referanskozmetik.com\/index.php\/wp-json\/wp\/v2\/comments?post=8810"}],"version-history":[{"count":1,"href":"http:\/\/referanskozmetik.com\/index.php\/wp-json\/wp\/v2\/product\/8810\/revisions"}],"predecessor-version":[{"id":8813,"href":"http:\/\/referanskozmetik.com\/index.php\/wp-json\/wp\/v2\/product\/8810\/revisions\/8813"}],"wp:featuredmedia":[{"embeddable":true,"href":"http:\/\/referanskozmetik.com\/index.php\/wp-json\/wp\/v2\/media\/8811"}],"wp:attachment":[{"href":"http:\/\/referanskozmetik.com\/index.php\/wp-json\/wp\/v2\/media?parent=8810"}],"wp:term":[{"taxonomy":"product_cat","embeddable":true,"href":"http:\/\/referanskozmetik.com\/index.php\/wp-json\/wp\/v2\/product_cat?post=8810"},{"taxonomy":"product_tag","embeddable":true,"href":"http:\/\/referanskozmetik.com\/index.php\/wp-json\/wp\/v2\/product_tag?post=8810"}],"curies":[{"name":"wp","href":"https:\/\/api.w.org\/{rel}","templated":true}]}}