{"id":8815,"date":"2022-11-01T13:30:45","date_gmt":"2022-11-01T13:30:45","guid":{"rendered":"http:\/\/referanskozmetik.com\/?post_type=product&#038;p=8815"},"modified":"2022-11-10T13:24:48","modified_gmt":"2022-11-10T13:24:48","slug":"inci-hidrofil-rulo-pamuk-1-kg-saf-pamuk","status":"publish","type":"product","link":"http:\/\/referanskozmetik.com\/index.php\/urun\/inci-hidrofil-rulo-pamuk-1-kg-saf-pamuk\/","title":{"rendered":"\u0130nci Hidrofil Rulo Pamuk 1 kg Saf Pamuk"},"content":{"rendered":"","protected":false},"excerpt":{"rendered":"<ul class=\"detail-desc-list\">\n<li>Hidrofil Rulo Pamuk 1 kg %100 Saf Pamuk<\/li>\n<li>Marka: \u0130nci<\/li>\n<li>Po\u015fet \u0130\u00e7inde (1000gr) %100 Saf Pamuk Bulunmaktad\u0131r.<\/li>\n<li>Kulan\u0131m: Hastane, Eczane, Ev, Kuaf\u00f6r Berber ve g\u00fczellik salonlar\u0131d\u0131r.<\/li>\n<\/ul>\n","protected":false},"featured_media":8816,"comment_status":"open","ping_status":"closed","template":"","meta":[],"product_cat":[81],"product_tag":[],"class_list":["post-8815","product","type-product","status-publish","has-post-thumbnail","hentry","product_cat-pamuk"],"_links":{"self":[{"href":"http:\/\/referanskozmetik.com\/index.php\/wp-json\/wp\/v2\/product\/8815","targetHints":{"allow":["GET"]}}],"collection":[{"href":"http:\/\/referanskozmetik.com\/index.php\/wp-json\/wp\/v2\/product"}],"about":[{"href":"http:\/\/referanskozmetik.com\/index.php\/wp-json\/wp\/v2\/types\/product"}],"replies":[{"embeddable":true,"href":"http:\/\/referanskozmetik.com\/index.php\/wp-json\/wp\/v2\/comments?post=8815"}],"version-history":[{"count":1,"href":"http:\/\/referanskozmetik.com\/index.php\/wp-json\/wp\/v2\/product\/8815\/revisions"}],"predecessor-version":[{"id":8818,"href":"http:\/\/referanskozmetik.com\/index.php\/wp-json\/wp\/v2\/product\/8815\/revisions\/8818"}],"wp:featuredmedia":[{"embeddable":true,"href":"http:\/\/referanskozmetik.com\/index.php\/wp-json\/wp\/v2\/media\/8816"}],"wp:attachment":[{"href":"http:\/\/referanskozmetik.com\/index.php\/wp-json\/wp\/v2\/media?parent=8815"}],"wp:term":[{"taxonomy":"product_cat","embeddable":true,"href":"http:\/\/referanskozmetik.com\/index.php\/wp-json\/wp\/v2\/product_cat?post=8815"},{"taxonomy":"product_tag","embeddable":true,"href":"http:\/\/referanskozmetik.com\/index.php\/wp-json\/wp\/v2\/product_tag?post=8815"}],"curies":[{"name":"wp","href":"https:\/\/api.w.org\/{rel}","templated":true}]}}